{"id":2,"date":"2023-01-27T20:27:09","date_gmt":"2023-01-27T20:27:09","guid":{"rendered":"http:\/\/partnerschaftsverein-altenahr.de\/wordpress\/?page_id=2"},"modified":"2025-04-24T16:37:44","modified_gmt":"2025-04-24T16:37:44","slug":"support","status":"publish","type":"page","link":"https:\/\/partnerschaftsverein-altenahr.de\/wordpress\/support\/","title":{"rendered":"Unterst\u00fctzen \/ Mitglied werden"},"content":{"rendered":"\n<p>Um dem Verein beizutreten, f\u00fclle bitte folgenden Antrag aus<\/p>\n\n\n\n<figure class=\"wp-block-image size-large is-resized\"><a href=\"https:\/\/partnerschaftsverein-altenahr.de\/wordpress\/wp-content\/uploads\/2023\/01\/Mitglied-Beitritserklaerung.pdf\" target=\"_blank\" rel=\"noreferrer noopener\"><img loading=\"lazy\" decoding=\"async\" width=\"725\" height=\"1024\" src=\"https:\/\/partnerschaftsverein-altenahr.de\/wordpress\/wp-content\/uploads\/2023\/01\/Beitrittserklaerung-725x1024.png\" alt=\"\" class=\"wp-image-22\" style=\"width:363px;height:512px\" srcset=\"https:\/\/partnerschaftsverein-altenahr.de\/wordpress\/wp-content\/uploads\/2023\/01\/Beitrittserklaerung-725x1024.png 725w, https:\/\/partnerschaftsverein-altenahr.de\/wordpress\/wp-content\/uploads\/2023\/01\/Beitrittserklaerung-213x300.png 213w, https:\/\/partnerschaftsverein-altenahr.de\/wordpress\/wp-content\/uploads\/2023\/01\/Beitrittserklaerung-768x1084.png 768w, https:\/\/partnerschaftsverein-altenahr.de\/wordpress\/wp-content\/uploads\/2023\/01\/Beitrittserklaerung-1088x1536.png 1088w, https:\/\/partnerschaftsverein-altenahr.de\/wordpress\/wp-content\/uploads\/2023\/01\/Beitrittserklaerung.png 1268w\" sizes=\"auto, (max-width: 725px) 100vw, 725px\" \/><\/a><\/figure>\n\n\n\n<p>Alternativ kannst du uns auch finanziell unterst\u00fctzen. Hier ist unsere Bankverbindung:<\/p>\n\n\n\n<p>Volksbank Rhein Ahr Eifel eG<br>DE37 5776 1591 0543 1520 00<\/p>\n\n\n\n<p><em>Wir stellen selbstverst\u00e4ndlich auch eine Spendenquittung aus (dazu im Verwendungszweck deine Anschrift hinterlassen).<\/em><\/p>\n\n\n\n<hr class=\"wp-block-separator has-alpha-channel-opacity\"\/>\n\n\n\n<p><em>Bitte an alle Mitglieder:<\/em><\/p>\n\n\n\n<p>Die j\u00e4hrlichen Abbuchungen finden Mitte April statt. Falls sich eure Bankverbindung \u00e4ndert, gebt bitte zeitnah Bescheid. Wir ben\u00f6tigen in dem Fall ein <a href=\"https:\/\/partnerschaftsverein-altenahr.de\/wordpress\/wp-content\/uploads\/2025\/04\/Mitglied-Lastschrift.pdf\" data-type=\"link\" data-id=\"https:\/\/partnerschaftsverein-altenahr.de\/wordpress\/wp-content\/uploads\/2025\/04\/Mitglied-Lastschrift.pdf\" target=\"_blank\" rel=\"noreferrer noopener\">aktualisiertes Lastschriftmandat<\/a> (per Post an den Vorsitzenden, oder per Mail an kasse@partnerschaftsverein-altenahr.de).<\/p>\n","protected":false},"excerpt":{"rendered":"<p>Um dem Verein beizutreten, f\u00fclle bitte folgenden Antrag aus Alternativ kannst du uns auch finanziell unterst\u00fctzen. Hier ist unsere Bankverbindung: Volksbank Rhein Ahr Eifel eGDE37 5776 1591 0543 1520 00 Wir stellen selbstverst\u00e4ndlich auch eine Spendenquittung aus (dazu im Verwendungszweck deine Anschrift hinterlassen). Bitte an alle Mitglieder: Die j\u00e4hrlichen Abbuchungen finden Mitte April statt. Falls [&hellip;]<\/p>\n","protected":false},"author":1,"featured_media":0,"parent":0,"menu_order":0,"comment_status":"closed","ping_status":"open","template":"","meta":{"footnotes":""},"class_list":["post-2","page","type-page","status-publish","hentry","post-preview"],"_links":{"self":[{"href":"https:\/\/partnerschaftsverein-altenahr.de\/wordpress\/wp-json\/wp\/v2\/pages\/2","targetHints":{"allow":["GET"]}}],"collection":[{"href":"https:\/\/partnerschaftsverein-altenahr.de\/wordpress\/wp-json\/wp\/v2\/pages"}],"about":[{"href":"https:\/\/partnerschaftsverein-altenahr.de\/wordpress\/wp-json\/wp\/v2\/types\/page"}],"author":[{"embeddable":true,"href":"https:\/\/partnerschaftsverein-altenahr.de\/wordpress\/wp-json\/wp\/v2\/users\/1"}],"replies":[{"embeddable":true,"href":"https:\/\/partnerschaftsverein-altenahr.de\/wordpress\/wp-json\/wp\/v2\/comments?post=2"}],"version-history":[{"count":9,"href":"https:\/\/partnerschaftsverein-altenahr.de\/wordpress\/wp-json\/wp\/v2\/pages\/2\/revisions"}],"predecessor-version":[{"id":201,"href":"https:\/\/partnerschaftsverein-altenahr.de\/wordpress\/wp-json\/wp\/v2\/pages\/2\/revisions\/201"}],"wp:attachment":[{"href":"https:\/\/partnerschaftsverein-altenahr.de\/wordpress\/wp-json\/wp\/v2\/media?parent=2"}],"curies":[{"name":"wp","href":"https:\/\/api.w.org\/{rel}","templated":true}]}}